{"id":6178,"date":"2023-10-05T06:59:33","date_gmt":"2023-10-05T06:59:33","guid":{"rendered":"https:\/\/albanianyachtcrew.com\/product\/salmon-sashimi-served-with-mushrooms-and-pomegranate-seeds\/"},"modified":"2026-04-10T13:35:18","modified_gmt":"2026-04-10T13:35:18","slug":"salmon-sashimi-served-with-mushrooms-and-pomegranate-seeds","status":"publish","type":"product","link":"https:\/\/albanianyachtcrew.com\/sq\/produkt\/salmon-sashimi-served-with-mushrooms-and-pomegranate-seeds\/","title":{"rendered":"Guid\u00eb: Si t\u00eb fillojm\u00eb pun\u00eb n\u00eb jahte?"},"content":{"rendered":"","protected":false},"excerpt":{"rendered":"","protected":false},"featured_media":7363,"comment_status":"open","ping_status":"closed","template":"","meta":[],"product_brand":[],"product_cat":[36],"product_tag":[],"class_list":{"0":"post-6178","1":"product","2":"type-product","3":"status-publish","4":"has-post-thumbnail","6":"product_cat-courses","8":"first","9":"instock","10":"virtual","11":"sold-individually","12":"purchasable","13":"product-type-simple"},"_links":{"self":[{"href":"https:\/\/albanianyachtcrew.com\/sq\/wp-json\/wp\/v2\/product\/6178","targetHints":{"allow":["GET"]}}],"collection":[{"href":"https:\/\/albanianyachtcrew.com\/sq\/wp-json\/wp\/v2\/product"}],"about":[{"href":"https:\/\/albanianyachtcrew.com\/sq\/wp-json\/wp\/v2\/types\/product"}],"replies":[{"embeddable":true,"href":"https:\/\/albanianyachtcrew.com\/sq\/wp-json\/wp\/v2\/comments?post=6178"}],"wp:featuredmedia":[{"embeddable":true,"href":"https:\/\/albanianyachtcrew.com\/sq\/wp-json\/wp\/v2\/media\/7363"}],"wp:attachment":[{"href":"https:\/\/albanianyachtcrew.com\/sq\/wp-json\/wp\/v2\/media?parent=6178"}],"wp:term":[{"taxonomy":"product_brand","embeddable":true,"href":"https:\/\/albanianyachtcrew.com\/sq\/wp-json\/wp\/v2\/product_brand?post=6178"},{"taxonomy":"product_cat","embeddable":true,"href":"https:\/\/albanianyachtcrew.com\/sq\/wp-json\/wp\/v2\/product_cat?post=6178"},{"taxonomy":"product_tag","embeddable":true,"href":"https:\/\/albanianyachtcrew.com\/sq\/wp-json\/wp\/v2\/product_tag?post=6178"}],"curies":[{"name":"wp","href":"https:\/\/api.w.org\/{rel}","templated":true}]}}