{"id":1300,"date":"2020-10-20T02:00:25","date_gmt":"2020-10-20T02:00:25","guid":{"rendered":""},"modified":"2026-02-21T17:17:49","modified_gmt":"2026-02-21T17:17:49","slug":"about-us","status":"publish","type":"page","link":"https:\/\/albanianyachtcrew.com\/sq\/about-us\/","title":{"rendered":"Rreth nesh"},"content":{"rendered":"<div data-elementor-type=\"wp-page\" data-elementor-id=\"1300\" class=\"elementor elementor-1300\">\n\t\t\t\t\t\t<section class=\"elementor-section elementor-top-section elementor-element elementor-element-c4a426a elementor-section-content-middle elementor-section-boxed elementor-section-gap-beside-yes elementor-section-height-default elementor-section-height-default elementor-section-column-vertical-align-stretch\" data-id=\"c4a426a\" data-element_type=\"section\" data-e-type=\"section\" data-settings=\"{&quot;background_background&quot;:&quot;classic&quot;}\">\n\t\t\t\t\t\t<div class=\"elementor-container elementor-column-gap-extended\">\n\t\t\t\t\t<div class=\"elementor-column elementor-col-100 elementor-top-column elementor-element elementor-element-6a11483\" data-id=\"6a11483\" data-element_type=\"column\" data-e-type=\"column\">\n\t\t\t<div class=\"elementor-widget-wrap elementor-element-populated\">\n\t\t\t\t\t\t<div class=\"elementor-element elementor-element-1a5ac5a edumall-modern-heading-style-01 e-transform elementor-invisible elementor-widget elementor-widget-tm-heading\" data-id=\"1a5ac5a\" data-element_type=\"widget\" data-e-type=\"widget\" data-settings=\"{&quot;_animation&quot;:&quot;edumallFadeInUp&quot;,&quot;_transform_translateY_effect&quot;:{&quot;unit&quot;:&quot;px&quot;,&quot;size&quot;:183,&quot;sizes&quot;:[]},&quot;_transform_translateX_effect&quot;:{&quot;unit&quot;:&quot;px&quot;,&quot;size&quot;:&quot;&quot;,&quot;sizes&quot;:[]},&quot;_transform_translateX_effect_tablet&quot;:{&quot;unit&quot;:&quot;px&quot;,&quot;size&quot;:&quot;&quot;,&quot;sizes&quot;:[]},&quot;_transform_translateX_effect_mobile&quot;:{&quot;unit&quot;:&quot;px&quot;,&quot;size&quot;:&quot;&quot;,&quot;sizes&quot;:[]},&quot;_transform_translateY_effect_tablet&quot;:{&quot;unit&quot;:&quot;px&quot;,&quot;size&quot;:&quot;&quot;,&quot;sizes&quot;:[]},&quot;_transform_translateY_effect_mobile&quot;:{&quot;unit&quot;:&quot;px&quot;,&quot;size&quot;:&quot;&quot;,&quot;sizes&quot;:[]}}\" data-widget_type=\"tm-heading.default\">\n\t\t\t\t<div class=\"elementor-widget-container\">\n\t\t\t\t\t\t\t<div class=\"tm-modern-heading\">\n\t\t\t\n\t\t\t\t\t<div class=\"heading-primary-wrap\">\n\t\t\t<h1 class=\"heading-primary elementor-heading-title\">Ky \u00ebsht\u00eb hapi juaj i par\u00eb drejt pun\u00ebsimit n\u00eb jaht <\/h1>\t\t<\/div>\n\t\t\n\t\t\t\n\t\t\t\t\t<\/div>\n\t\t\t\t\t\t<\/div>\n\t\t\t\t<\/div>\n\t\t\t\t\t<\/div>\n\t\t<\/div>\n\t\t\t\t\t<\/div>\n\t\t<\/section>\n\t\t\t\t<section class=\"elementor-section elementor-top-section elementor-element elementor-element-9346854 elementor-section-boxed elementor-section-gap-beside-yes elementor-section-height-default elementor-section-height-default elementor-section-content-align-center elementor-section-column-vertical-align-stretch\" data-id=\"9346854\" data-element_type=\"section\" data-e-type=\"section\">\n\t\t\t\t\t\t<div class=\"elementor-container elementor-column-gap-extended\">\n\t\t\t\t\t<div class=\"elementor-column elementor-col-100 elementor-top-column elementor-element elementor-element-9512941\" data-id=\"9512941\" data-element_type=\"column\" data-e-type=\"column\">\n\t\t\t<div class=\"elementor-widget-wrap elementor-element-populated\">\n\t\t\t\t\t\t<div class=\"elementor-element elementor-element-17df7c6 elementor-invisible elementor-widget elementor-widget-tm-heading\" data-id=\"17df7c6\" data-element_type=\"widget\" data-e-type=\"widget\" data-settings=\"{&quot;_animation&quot;:&quot;edumallFadeInUp&quot;}\" data-widget_type=\"tm-heading.default\">\n\t\t\t\t<div class=\"elementor-widget-container\">\n\t\t\t\t\t\t\t<div class=\"tm-modern-heading\">\n\t\t\t\t\t<div class=\"heading-secondary-wrap\">\n\t\t\t<h3 class=\"heading-secondary elementor-heading-title\">Misioni dhe Vizioni<\/h3>\t\t<\/div>\n\t\t\n\t\t\t\t\t<div class=\"heading-primary-wrap\">\n\t\t\t<h2 class=\"heading-primary elementor-heading-title\">ALBANIAN YACHT CREW<\/h2>\t\t<\/div>\n\t\t\n\t\t\t\n\t\t\t\t\t<div class=\"heading-description-wrap\">\n\t\t\t<div class=\"heading-description\">\n\t\t\t\t<p>AYC synon t\u00eb jap\u00eb cdo informacion t\u00eb nevojsh\u00ebm rreth industrise s\u00eb bukur t\u00eb jahteve dhe t\u00eb ndihmoje k\u00ebdo q\u00eb d\u00ebshiron t\u00eb ket\u00eb nj\u00eb p\u00ebrvoj\u00eb jet\u00ebsore dhe profesionale t\u00eb vecant\u00eb. Fal\u00eb guides ton\u00eb d\u00ebshirojm\u00eb q\u00eb t\u00eb sjellim nj\u00eb perspektiv\u00eb t\u00eb re drejt nj\u00eb profesioni q\u00eb sjell shum\u00eb t\u00eb ardhura duke eksploruar disa nga vendet m\u00eb t\u00eb bukura t\u00eb bot\u00ebs.<\/p>\t\t\t<\/div>\n\t\t<\/div>\n\t\t\t<\/div>\n\t\t\t\t\t\t<\/div>\n\t\t\t\t<\/div>\n\t\t\t\t\t<\/div>\n\t\t<\/div>\n\t\t\t\t\t<\/div>\n\t\t<\/section>\n\t\t\t\t<section class=\"elementor-section elementor-top-section elementor-element elementor-element-e75c275 elementor-section-content-middle elementor-section-boxed elementor-section-gap-beside-yes elementor-section-height-default elementor-section-height-default elementor-section-column-vertical-align-stretch\" data-id=\"e75c275\" data-element_type=\"section\" data-e-type=\"section\" data-settings=\"{&quot;background_background&quot;:&quot;classic&quot;}\">\n\t\t\t\t\t\t<div class=\"elementor-container elementor-column-gap-extended\">\n\t\t\t\t\t<div class=\"elementor-column elementor-col-100 elementor-top-column elementor-element elementor-element-063b01c\" data-id=\"063b01c\" data-element_type=\"column\" data-e-type=\"column\">\n\t\t\t<div class=\"elementor-widget-wrap elementor-element-populated\">\n\t\t\t\t\t\t<div class=\"elementor-element elementor-element-d53b906 elementor-invisible elementor-widget elementor-widget-tm-heading\" data-id=\"d53b906\" data-element_type=\"widget\" data-e-type=\"widget\" data-settings=\"{&quot;_animation&quot;:&quot;edumallFadeInUp&quot;}\" data-widget_type=\"tm-heading.default\">\n\t\t\t\t<div class=\"elementor-widget-container\">\n\t\t\t\t\t\t\t<div class=\"tm-modern-heading\">\n\t\t\t\n\t\t\t\t\t<div class=\"heading-primary-wrap\">\n\t\t\t<h3 class=\"heading-primary elementor-heading-title\">ALBANIAN YACHT CREW<\/h3>\t\t<\/div>\n\t\t\n\t\t\t\n\t\t\t\t\t<\/div>\n\t\t\t\t\t\t<\/div>\n\t\t\t\t<\/div>\n\t\t\t\t\t<\/div>\n\t\t<\/div>\n\t\t\t\t\t<\/div>\n\t\t<\/section>\n\t\t<div class=\"elementor-element elementor-element-1f51b41 e-flex e-con-boxed e-con e-parent\" data-id=\"1f51b41\" data-element_type=\"container\" data-e-type=\"container\">\n\t\t\t\t\t<div class=\"e-con-inner\">\n\t\t\t\t<div class=\"elementor-element elementor-element-cbbe7a6 elementor-widget elementor-widget-spacer\" data-id=\"cbbe7a6\" data-element_type=\"widget\" data-e-type=\"widget\" data-widget_type=\"spacer.default\">\n\t\t\t\t<div class=\"elementor-widget-container\">\n\t\t\t\t\t\t\t<div class=\"elementor-spacer\">\n\t\t\t<div class=\"elementor-spacer-inner\"><\/div>\n\t\t<\/div>\n\t\t\t\t\t\t<\/div>\n\t\t\t\t<\/div>\n\t\t\t\t\t<\/div>\n\t\t\t\t<\/div>\n\t\t<div class=\"elementor-element elementor-element-11542ec e-flex e-con-boxed e-con e-parent\" data-id=\"11542ec\" data-element_type=\"container\" data-e-type=\"container\">\n\t\t\t\t\t<div class=\"e-con-inner\">\n\t\t<div class=\"elementor-element elementor-element-946fbba e-con-full e-flex e-con e-child\" data-id=\"946fbba\" data-element_type=\"container\" data-e-type=\"container\">\n\t\t\t\t<div class=\"elementor-element elementor-element-a798d00 elementor-widget elementor-widget-heading\" data-id=\"a798d00\" data-element_type=\"widget\" data-e-type=\"widget\" data-widget_type=\"heading.default\">\n\t\t\t\t<div class=\"elementor-widget-container\">\n\t\t\t\t\t<h2 class=\"elementor-heading-title elementor-size-default\">RRETH REDON\u00cbS<\/h2>\t\t\t\t<\/div>\n\t\t\t\t<\/div>\n\t\t\t\t<\/div>\n\t\t\t\t\t<\/div>\n\t\t\t\t<\/div>\n\t\t<div class=\"elementor-element elementor-element-bd5854e e-grid e-con-boxed e-con e-parent\" data-id=\"bd5854e\" data-element_type=\"container\" data-e-type=\"container\">\n\t\t\t\t\t<div class=\"e-con-inner\">\n\t\t\t\t<div class=\"elementor-element elementor-element-0318807 elementor-invisible elementor-widget elementor-widget-tm-heading\" data-id=\"0318807\" data-element_type=\"widget\" data-e-type=\"widget\" data-settings=\"{&quot;_animation&quot;:&quot;edumallFadeInUp&quot;}\" data-widget_type=\"tm-heading.default\">\n\t\t\t\t<div class=\"elementor-widget-container\">\n\t\t\t\t\t\t\t<div class=\"tm-modern-heading\">\n\t\t\t\n\t\t\t\n\t\t\t\n\t\t\t\t\t<div class=\"heading-description-wrap\">\n\t\t\t<div class=\"heading-description\">\n\t\t\t\t<p>\u00a0<\/p><p>Redona Dedja \u00ebsht\u00eb themeluesja e Albanian Yacht Crew dhe nj\u00eb profesioniste me mbi 10 vjet p\u00ebrvoj\u00eb n\u00eb industrin\u00eb e jahteve. Ajo q\u00eb filloi si nj\u00eb pun\u00eb sezonale u shnd\u00ebrrua n\u00eb nj\u00eb pasion dhe karrier\u00eb afatgjat\u00eb. Pasi p\u00ebrfundoi studimet n\u00eb Logopedi, Redona vendosi t\u00eb ndiqte rrug\u00ebn e saj si stjuardes\u00eb n\u00eb jahte luksoze.<br \/>Gjat\u00eb karrier\u00ebs, ajo ka punuar nga pozicioni i Junior Stewardess deri n\u00eb at\u00eb t\u00eb Chief Stewardess, n\u00eb jahte nga 40 deri n\u00eb 120 metra, duke udh\u00ebtuar dhe punuar n\u00eb destinacione t\u00eb ndryshme anemban\u00eb bot\u00ebs.<br \/>P\u00ebr t\u00eb ndar\u00eb k\u00ebt\u00eb p\u00ebrvoj\u00eb dhe p\u00ebr t\u00eb ndihmuar t\u00eb tjer\u00ebt t\u00eb b\u00ebhen pjes\u00eb e k\u00ebsaj fushe, Redona themeloi k\u00ebt\u00eb platform\u00eb, e cila synon t\u00eb ofroj\u00eb udh\u00ebzim, trajnim dhe mb\u00ebshtetje p\u00ebr profesionist\u00ebt e rinj shqiptar\u00eb q\u00eb duan t\u00eb nd\u00ebrtojn\u00eb nj\u00eb karrier\u00eb n\u00eb industrin\u00eb nd\u00ebrkomb\u00ebtare t\u00eb jahteve.<\/p>\t\t\t<\/div>\n\t\t<\/div>\n\t\t\t<\/div>\n\t\t\t\t\t\t<\/div>\n\t\t\t\t<\/div>\n\t\t\t\t<div class=\"elementor-element elementor-element-e719fb8 elementor-widget elementor-widget-image\" data-id=\"e719fb8\" data-element_type=\"widget\" data-e-type=\"widget\" data-widget_type=\"image.default\">\n\t\t\t\t<div class=\"elementor-widget-container\">\n\t\t\t\t\t\t\t\t\t\t\t\t\t\t\t<img fetchpriority=\"high\" decoding=\"async\" width=\"1080\" height=\"1037\" src=\"https:\/\/albanianyachtcrew.com\/wp-content\/uploads\/2025\/05\/Blue-and-Grey-Minimalist-Daily-Motivation-Tweet-Instagram-Post-1-e1747829202217.png\" class=\"attachment-2048x2048 size-2048x2048 wp-image-7326\" alt=\"\" srcset=\"https:\/\/albanianyachtcrew.com\/wp-content\/uploads\/2025\/05\/Blue-and-Grey-Minimalist-Daily-Motivation-Tweet-Instagram-Post-1-e1747829202217.png 1080w, https:\/\/albanianyachtcrew.com\/wp-content\/uploads\/2025\/05\/Blue-and-Grey-Minimalist-Daily-Motivation-Tweet-Instagram-Post-1-e1747829202217-300x288.png 300w, https:\/\/albanianyachtcrew.com\/wp-content\/uploads\/2025\/05\/Blue-and-Grey-Minimalist-Daily-Motivation-Tweet-Instagram-Post-1-e1747829202217-1024x983.png 1024w, https:\/\/albanianyachtcrew.com\/wp-content\/uploads\/2025\/05\/Blue-and-Grey-Minimalist-Daily-Motivation-Tweet-Instagram-Post-1-e1747829202217-768x737.png 768w, https:\/\/albanianyachtcrew.com\/wp-content\/uploads\/2025\/05\/Blue-and-Grey-Minimalist-Daily-Motivation-Tweet-Instagram-Post-1-e1747829202217-12x12.png 12w, https:\/\/albanianyachtcrew.com\/wp-content\/uploads\/2025\/05\/Blue-and-Grey-Minimalist-Daily-Motivation-Tweet-Instagram-Post-1-e1747829202217-400x384.png 400w, https:\/\/albanianyachtcrew.com\/wp-content\/uploads\/2025\/05\/Blue-and-Grey-Minimalist-Daily-Motivation-Tweet-Instagram-Post-1-e1747829202217-600x576.png 600w\" sizes=\"(max-width: 1080px) 100vw, 1080px\" \/>\t\t\t\t\t\t\t\t\t\t\t\t\t\t\t<\/div>\n\t\t\t\t<\/div>\n\t\t\t\t\t<\/div>\n\t\t\t\t<\/div>\n\t\t<div class=\"elementor-element elementor-element-fa6637c elementor-hidden-desktop elementor-hidden-tablet elementor-hidden-mobile e-flex e-con-boxed e-con e-parent\" data-id=\"fa6637c\" data-element_type=\"container\" data-e-type=\"container\">\n\t\t\t\t\t<div class=\"e-con-inner\">\n\t\t\t\t<div class=\"elementor-element elementor-element-e13587a elementor-widget elementor-widget-spacer\" data-id=\"e13587a\" data-element_type=\"widget\" data-e-type=\"widget\" data-widget_type=\"spacer.default\">\n\t\t\t\t<div class=\"elementor-widget-container\">\n\t\t\t\t\t\t\t<div class=\"elementor-spacer\">\n\t\t\t<div class=\"elementor-spacer-inner\"><\/div>\n\t\t<\/div>\n\t\t\t\t\t\t<\/div>\n\t\t\t\t<\/div>\n\t\t\t\t\t<\/div>\n\t\t\t\t<\/div>\n\t\t<div class=\"elementor-element elementor-element-0159cda elementor-hidden-desktop elementor-hidden-tablet elementor-hidden-mobile e-flex e-con-boxed e-con e-parent\" data-id=\"0159cda\" data-element_type=\"container\" data-e-type=\"container\">\n\t\t\t\t\t<div class=\"e-con-inner\">\n\t\t\t\t<div class=\"elementor-element elementor-element-d482c14 elementor-widget elementor-widget-heading\" data-id=\"d482c14\" data-element_type=\"widget\" data-e-type=\"widget\" data-widget_type=\"heading.default\">\n\t\t\t\t<div class=\"elementor-widget-container\">\n\t\t\t\t\t<h1 class=\"elementor-heading-title elementor-size-default\">EKIPI JON\u00cb<\/h1>\t\t\t\t<\/div>\n\t\t\t\t<\/div>\n\t\t\t\t\t<\/div>\n\t\t\t\t<\/div>\n\t\t<div class=\"elementor-element elementor-element-23bb8b6 elementor-hidden-desktop elementor-hidden-tablet elementor-hidden-mobile e-flex e-con-boxed e-con e-parent\" data-id=\"23bb8b6\" data-element_type=\"container\" data-e-type=\"container\">\n\t\t\t\t\t<div class=\"e-con-inner\">\n\t\t\t\t<div class=\"elementor-element elementor-element-2cd265b align-center bullets-v-align-below elementor-widget elementor-widget-tm-team-member-carousel\" data-id=\"2cd265b\" data-element_type=\"widget\" data-e-type=\"widget\" data-settings=\"{&quot;swiper_items&quot;:&quot;3&quot;,&quot;swiper_items_tablet&quot;:&quot;2&quot;,&quot;swiper_items_mobile&quot;:&quot;1&quot;}\" data-widget_type=\"tm-team-member-carousel.default\">\n\t\t\t\t<div class=\"elementor-widget-container\">\n\t\t\t\t\t\t\t<div class=\"tm-team-member-carousel style-01\">\n\t\t\t\n\t\t<div class=\"tm-swiper tm-slider-widget\" data-lg-items=\"3\" data-lg-gutter=\"30\" data-md-items=\"2\" data-sm-items=\"1\" data-simulate-touch=\"1\" data-speed=\"1000\" data-effect=\"slide\">\n\t\t\t<div class=\"swiper-inner\">\n\n\t\t\t\t\n\t\t\t\t<div class=\"swiper-container\">\n\t\t\t\t\t<div class=\"swiper-wrapper\">\n\t\t\t\t\t\t\t\t\t<div class=\"swiper-slide elementor-repeater-item-1642c41\">\n\t\t\t\t\t\t<div class=\"tm-team-member edumall-box\">\n\t\t\t<div class=\"item\">\n\t\t\t\t\t\t\t\t\t<div class=\"photo edumall-image\">\n\t\t\t\t\t\t<img decoding=\"async\"  src=\"https:\/\/albanianyachtcrew.com\/wp-content\/plugins\/elementor\/assets\/images\/placeholder.png\" \/>\n\t\t\t\t\t\t<div class=\"overlay\"><\/div>\n\n\t\t\t\t\t\t\t\t\t\t\t\t\t\t\t\t\t\t\t\t\t\t\t\t<\/div>\n\t\t\t\t\n\t\t\t\t<div class=\"info\">\n\t\t\t\t\t<h3 class=\"name\">\n\t\t\t\t\t\tRedona Dedja\t\t\t\t\t<\/h3>\n\n\t\t\t\t\t\n\t\t\t\t\t\t\t\t\t\t\t<div class=\"position\">CEO<\/div>\n\t\t\t\t\t\n\t\t\t\t\t\n\t\t\t\t\t\n\t\t\t\t\t\t\t\t\t<\/div>\n\t\t\t<\/div>\n\t\t<\/div>\n\t\t\t\t\t<\/div>\n\t\t\t\t\t<div class=\"swiper-slide elementor-repeater-item-aee7db2\">\n\t\t\t\t\t\t<div class=\"tm-team-member edumall-box\">\n\t\t\t<div class=\"item\">\n\t\t\t\t\t\t\t\t\t<div class=\"photo edumall-image\">\n\t\t\t\t\t\t<img decoding=\"async\"  src=\"https:\/\/albanianyachtcrew.com\/wp-content\/plugins\/elementor\/assets\/images\/placeholder.png\" \/>\n\t\t\t\t\t\t<div class=\"overlay\"><\/div>\n\n\t\t\t\t\t\t\t\t\t\t\t\t\t\t\t\t\t\t\t\t\t\t\t\t<\/div>\n\t\t\t\t\n\t\t\t\t<div class=\"info\">\n\t\t\t\t\t<h3 class=\"name\">\n\t\t\t\t\t\tTeam member 1\t\t\t\t\t<\/h3>\n\n\t\t\t\t\t\n\t\t\t\t\t\n\t\t\t\t\t\n\t\t\t\t\t\n\t\t\t\t\t\t\t\t\t<\/div>\n\t\t\t<\/div>\n\t\t<\/div>\n\t\t\t\t\t<\/div>\n\t\t\t\t\t<div class=\"swiper-slide elementor-repeater-item-194ad14\">\n\t\t\t\t\t\t<div class=\"tm-team-member edumall-box\">\n\t\t\t<div class=\"item\">\n\t\t\t\t\t\t\t\t\t<div class=\"photo edumall-image\">\n\t\t\t\t\t\t<img decoding=\"async\"  src=\"https:\/\/albanianyachtcrew.com\/wp-content\/plugins\/elementor\/assets\/images\/placeholder.png\" \/>\n\t\t\t\t\t\t<div class=\"overlay\"><\/div>\n\n\t\t\t\t\t\t\t\t\t\t\t\t\t\t\t\t\t\t\t\t\t\t\t\t<\/div>\n\t\t\t\t\n\t\t\t\t<div class=\"info\">\n\t\t\t\t\t<h3 class=\"name\">\n\t\t\t\t\t\tTeam Member 2 \t\t\t\t\t<\/h3>\n\n\t\t\t\t\t\n\t\t\t\t\t\n\t\t\t\t\t\n\t\t\t\t\t\n\t\t\t\t\t\t\t\t\t<\/div>\n\t\t\t<\/div>\n\t\t<\/div>\n\t\t\t\t\t<\/div>\n\t\t\t\t\t\t\t<\/div>\n\t\t\t\t<\/div>\n\n\t\t\t\t\n\t\t\t<\/div>\n\t\t<\/div>\n\t\t\t\t<\/div>\n\t\t\t\t\t\t<\/div>\n\t\t\t\t<\/div>\n\t\t\t\t<div class=\"elementor-element elementor-element-312ea4b elementor-widget elementor-widget-spacer\" data-id=\"312ea4b\" data-element_type=\"widget\" data-e-type=\"widget\" data-widget_type=\"spacer.default\">\n\t\t\t\t<div class=\"elementor-widget-container\">\n\t\t\t\t\t\t\t<div class=\"elementor-spacer\">\n\t\t\t<div class=\"elementor-spacer-inner\"><\/div>\n\t\t<\/div>\n\t\t\t\t\t\t<\/div>\n\t\t\t\t<\/div>\n\t\t\t\t\t<\/div>\n\t\t\t\t<\/div>\n\t\t<div class=\"elementor-element elementor-element-b8c95b3 elementor-hidden-desktop elementor-hidden-tablet elementor-hidden-mobile e-flex e-con-boxed e-con e-parent\" data-id=\"b8c95b3\" data-element_type=\"container\" data-e-type=\"container\">\n\t\t\t\t\t<div class=\"e-con-inner\">\n\t\t\t\t<div class=\"elementor-element elementor-element-397812b elementor-widget elementor-widget-heading\" data-id=\"397812b\" data-element_type=\"widget\" data-e-type=\"widget\" data-widget_type=\"heading.default\">\n\t\t\t\t<div class=\"elementor-widget-container\">\n\t\t\t\t\t<h2 class=\"elementor-heading-title elementor-size-default\">Histori Suksesi<\/h2>\t\t\t\t<\/div>\n\t\t\t\t<\/div>\n\t\t\t\t\t<\/div>\n\t\t\t\t<\/div>\n\t\t<div class=\"elementor-element elementor-element-b3a480a elementor-hidden-desktop elementor-hidden-tablet elementor-hidden-mobile e-flex e-con-boxed e-con e-parent\" data-id=\"b3a480a\" data-element_type=\"container\" data-e-type=\"container\">\n\t\t\t\t\t<div class=\"e-con-inner\">\n\t\t\t\t<div class=\"elementor-element elementor-element-9377379 elementor-widget elementor-widget-tm-testimonial-carousel-3d\" data-id=\"9377379\" data-element_type=\"widget\" data-e-type=\"widget\" data-widget_type=\"tm-testimonial-carousel-3d.default\">\n\t\t\t\t<div class=\"elementor-widget-container\">\n\t\t\t\t\t\t\t<div class=\"carousel-container carousel-vertical-3d\">\n\t\t\t<div class=\"carousel-items testimonials-quotes\">\n\n\t\t\t\t\t\t\t\t\t<div class=\"carousel-item elementor-repeater-item-751d4b1\">\n\t\t\t\t\t\t<div class=\"testimonial-item\">\n\t\t\t\t\t\t\t<div class=\"testimonial-main-content\">\n\t\t\t\t\t\t\t\t<div class=\"content-wrap\">\n\t\t\t\t\t\t\t\t\t\t\t\t\t\t<div class=\"content\">\n\t\t\t\t\n\t\t\t\t<div class=\"text\">\n\t\t\t\t\ttestimonial\t\t\t\t<\/div>\n\t\t\t<\/div>\n\t\t\n\t\t<div class=\"info\">\n\t\t\t\t\t<div class=\"image\">\n\t\t\t<img decoding=\"async\"  src=\"https:\/\/albanianyachtcrew.com\/wp-content\/plugins\/elementor\/assets\/images\/placeholder.png\" \/>\t\t<\/div>\n\t\t\n\t\t\t<div class=\"cite\"><h6 class=\"name\">Frankie <\/h6><\/div>\t\t<\/div>\n\t\t\t\t\t\t\t\t\t\t<\/div>\n\t\t\t\t\t\t\t<\/div>\n\t\t\t\t\t\t<\/div>\n\t\t\t\t\t<\/div>\n\t\t\t\t\t\t\t\t\t<div class=\"carousel-item elementor-repeater-item-df84307\">\n\t\t\t\t\t\t<div class=\"testimonial-item\">\n\t\t\t\t\t\t\t<div class=\"testimonial-main-content\">\n\t\t\t\t\t\t\t\t<div class=\"content-wrap\">\n\t\t\t\t\t\t\t\t\t\t\t\t\t\t<div class=\"content\">\n\t\t\t\t\n\t\t\t\t<div class=\"text\">\n\t\t\t\t\ttestimonial\t\t\t\t<\/div>\n\t\t\t<\/div>\n\t\t\n\t\t<div class=\"info\">\n\t\t\t\t\t<div class=\"image\">\n\t\t\t<img decoding=\"async\"  src=\"https:\/\/albanianyachtcrew.com\/wp-content\/plugins\/elementor\/assets\/images\/placeholder.png\" \/>\t\t<\/div>\n\t\t\n\t\t\t<div class=\"cite\"><h6 class=\"name\">Frankie <\/h6><\/div>\t\t<\/div>\n\t\t\t\t\t\t\t\t\t\t<\/div>\n\t\t\t\t\t\t\t<\/div>\n\t\t\t\t\t\t<\/div>\n\t\t\t\t\t<\/div>\n\t\t\t\t\t\t\t\t\t<div class=\"carousel-item elementor-repeater-item-fe859ea\">\n\t\t\t\t\t\t<div class=\"testimonial-item\">\n\t\t\t\t\t\t\t<div class=\"testimonial-main-content\">\n\t\t\t\t\t\t\t\t<div class=\"content-wrap\">\n\t\t\t\t\t\t\t\t\t\t\t\t\t\t<div class=\"content\">\n\t\t\t\t\n\t\t\t\t<div class=\"text\">\n\t\t\t\t\ttestimonial\t\t\t\t<\/div>\n\t\t\t<\/div>\n\t\t\n\t\t<div class=\"info\">\n\t\t\t\t\t<div class=\"image\">\n\t\t\t<img decoding=\"async\"  src=\"https:\/\/albanianyachtcrew.com\/wp-content\/plugins\/elementor\/assets\/images\/placeholder.png\" \/>\t\t<\/div>\n\t\t\n\t\t\t<div class=\"cite\"><h6 class=\"name\">Frankie <\/h6><\/div>\t\t<\/div>\n\t\t\t\t\t\t\t\t\t\t<\/div>\n\t\t\t\t\t\t\t<\/div>\n\t\t\t\t\t\t<\/div>\n\t\t\t\t\t<\/div>\n\t\t\t\t\t\t\t<\/div>\n\t\t<\/div>\n\t\t\t\t\t\t<\/div>\n\t\t\t\t<\/div>\n\t\t\t\t\t<\/div>\n\t\t\t\t<\/div>\n\t\t\t\t<\/div>","protected":false},"excerpt":{"rendered":"<p>This is your first step towards yachting employment Mission and Vision ALBANIAN YACHT CREW AYC aims to provide all the necessary information about the beautiful yachting industry and to help anyone who wants to have a special life and professional experience. Thanks to our guide we want to bring a new perspective towards a profession that brings a lot of income by exploring some of the most beautiful places in the world. ALBANIAN YACHT CREW ABOUT REDONA \u00a0 Redona Dedja is the founder of Albanian Yacht Crew and a professional with over 10 years of experience in the yachting industry. What started as a seasonal job turned into a passion and long-term career. After completing her studies in Speech Therapy, Redona decided to pursue her path as a stewardess on luxury yachts.During her career, she has worked from the position of Junior Stewardess to that of Chief Stewardess, on yachts from 40 to 120 meters, traveling and working in various destinations around the world.To share this experience and help others become part of this field, Redona founded this platform, which aims to provide guidance, training and support to young Albanian professionals who want to build a career in the international yachting industry. OUR TEAM Redona Dedja CEO Team member 1 Team Member 2 Success Stories testimonial Frankie testimonial Frankie testimonial Frankie<\/p>","protected":false},"author":1,"featured_media":0,"parent":0,"menu_order":0,"comment_status":"closed","ping_status":"closed","template":"","meta":{"footnotes":""},"class_list":["post-1300","page","type-page","status-publish","hentry","post-no-thumbnail"],"_links":{"self":[{"href":"https:\/\/albanianyachtcrew.com\/sq\/wp-json\/wp\/v2\/pages\/1300","targetHints":{"allow":["GET"]}}],"collection":[{"href":"https:\/\/albanianyachtcrew.com\/sq\/wp-json\/wp\/v2\/pages"}],"about":[{"href":"https:\/\/albanianyachtcrew.com\/sq\/wp-json\/wp\/v2\/types\/page"}],"author":[{"embeddable":true,"href":"https:\/\/albanianyachtcrew.com\/sq\/wp-json\/wp\/v2\/users\/1"}],"replies":[{"embeddable":true,"href":"https:\/\/albanianyachtcrew.com\/sq\/wp-json\/wp\/v2\/comments?post=1300"}],"version-history":[{"count":134,"href":"https:\/\/albanianyachtcrew.com\/sq\/wp-json\/wp\/v2\/pages\/1300\/revisions"}],"predecessor-version":[{"id":8302,"href":"https:\/\/albanianyachtcrew.com\/sq\/wp-json\/wp\/v2\/pages\/1300\/revisions\/8302"}],"wp:attachment":[{"href":"https:\/\/albanianyachtcrew.com\/sq\/wp-json\/wp\/v2\/media?parent=1300"}],"curies":[{"name":"wp","href":"https:\/\/api.w.org\/{rel}","templated":true}]}}